{"id":17,"date":"2019-11-15T12:15:42","date_gmt":"2019-11-15T11:15:42","guid":{"rendered":"http:\/\/tacd.espe-bretagne.fr\/?page_id=17"},"modified":"2025-07-01T16:22:46","modified_gmt":"2025-07-01T14:22:46","slug":"le-collectif-didactique-pour-enseigner","status":"publish","type":"page","link":"http:\/\/tacd.espe-bretagne.fr\/en\/le-collectif-didactique-pour-enseigner\/","title":{"rendered":"Le Collectif Didactique Pour Enseigner (CDpE)"},"content":{"rendered":"<p style=\"text-align: justify;\">Le Collectif Didactique pour Enseigner (CDpE) r\u00e9unit une quarantaine de professeur.e.s, de formateurs et formatrices, d\u2019enseignant.e.s-chercheur.e.s, docteur.e.s et doctorant.e.s, qui travaillent depuis de nombreuses ann\u00e9es \u00e0 l\u2019\u00e9laboration d\u2019une th\u00e9orie de l\u2019action conjointe en didactique.<\/p>\n<p style=\"text-align: justify;\">Il porte le projet de mettre en synergie certains apports des sciences de l\u2019homme et de la soci\u00e9t\u00e9 et les avanc\u00e9es de la didactique, aussi bien pour la production de connaissances que dans la compr\u00e9hension et la transformation de la pratique.<\/p>\n","protected":false},"excerpt":{"rendered":"<p>Le Collectif Didactique pour Enseigner (CDpE) r\u00e9unit une quarantaine de professeur.e.s, de formateurs et formatrices, d\u2019enseignant.e.s-chercheur.e.s, docteur.e.s et doctorant.e.s, qui travaillent depuis de nombreuses ann\u00e9es \u00e0 l\u2019\u00e9laboration d\u2019une th\u00e9orie de l\u2019action conjointe en didactique. Il porte le projet de mettre en synergie certains apports des sciences de l\u2019homme et de la soci\u00e9t\u00e9 et les avanc\u00e9es de la didactique, aussi bien pour la production de connaissances que dans la compr\u00e9hension et la transformation de la pratique.<\/p>\n","protected":false},"author":6,"featured_media":0,"parent":0,"menu_order":0,"comment_status":"closed","ping_status":"closed","template":"","meta":{"footnotes":""},"class_list":["post-17","page","type-page","status-publish","hentry"],"translation":{"provider":"WPGlobus","version":"3.0.2","language":"en","enabled_languages":["fr","en"],"languages":{"fr":{"title":true,"content":true,"excerpt":false},"en":{"title":false,"content":false,"excerpt":false}}},"_links":{"self":[{"href":"http:\/\/tacd.espe-bretagne.fr\/en\/wp-json\/wp\/v2\/pages\/17","targetHints":{"allow":["GET"]}}],"collection":[{"href":"http:\/\/tacd.espe-bretagne.fr\/en\/wp-json\/wp\/v2\/pages"}],"about":[{"href":"http:\/\/tacd.espe-bretagne.fr\/en\/wp-json\/wp\/v2\/types\/page"}],"author":[{"embeddable":true,"href":"http:\/\/tacd.espe-bretagne.fr\/en\/wp-json\/wp\/v2\/users\/6"}],"replies":[{"embeddable":true,"href":"http:\/\/tacd.espe-bretagne.fr\/en\/wp-json\/wp\/v2\/comments?post=17"}],"version-history":[{"count":7,"href":"http:\/\/tacd.espe-bretagne.fr\/en\/wp-json\/wp\/v2\/pages\/17\/revisions"}],"predecessor-version":[{"id":566,"href":"http:\/\/tacd.espe-bretagne.fr\/en\/wp-json\/wp\/v2\/pages\/17\/revisions\/566"}],"wp:attachment":[{"href":"http:\/\/tacd.espe-bretagne.fr\/en\/wp-json\/wp\/v2\/media?parent=17"}],"curies":[{"name":"wp","href":"https:\/\/api.w.org\/{rel}","templated":true}]}}